{"id":2436,"date":"2023-12-05T04:00:44","date_gmt":"2023-12-05T04:00:44","guid":{"rendered":"https:\/\/missgriffintown.com\/politique-de-confidentialite\/"},"modified":"2023-12-05T04:11:35","modified_gmt":"2023-12-05T04:11:35","slug":"politique-de-confidentialite","status":"publish","type":"page","link":"https:\/\/missgriffintown.com\/fr\/politique-de-confidentialite\/","title":{"rendered":"Politique de confidentialit\u00e9"},"content":{"rendered":"\t\t<div data-elementor-type=\"wp-page\" data-elementor-id=\"2436\" class=\"elementor elementor-2436 elementor-2430\">\n\t\t\t\t\t\t<div class=\"elementor-section elementor-top-section elementor-element elementor-element-9c9e197 elementor-section-stretched elementor-section-content-middle elementor-section-boxed elementor-section-height-default elementor-section-height-default\" data-id=\"9c9e197\" data-element_type=\"section\" data-settings=\"{&quot;stretch_section&quot;:&quot;section-stretched&quot;}\">\n\t\t\t\t\t\t<div class=\"elementor-container elementor-column-gap-extended\">\n\t\t\t\t\t<div class=\"elementor-column elementor-col-100 elementor-top-column elementor-element elementor-element-54e0a7b\" data-id=\"54e0a7b\" data-element_type=\"column\">\n\t\t\t<div class=\"elementor-widget-wrap elementor-element-populated\">\n\t\t\t\t\t\t<div class=\"elementor-element elementor-element-69d6754 elementor-widget-laptop__width-initial elementor-widget elementor-widget-text-editor\" data-id=\"69d6754\" data-element_type=\"widget\" data-widget_type=\"text-editor.default\">\n\t\t\t\t<div class=\"elementor-widget-container\">\n\t\t\t\t\t\t\t\t\t<p>Bienvenue sur MissGriffintown (le \u00ab\u00a0Site\u00a0\u00bb). La pr\u00e9sente politique de confidentialit\u00e9 (la \u00ab\u00a0Politique\u00a0\u00bb) a \u00e9t\u00e9 \u00e9tablie pour expliquer comment nous collectons, utilisons et prot\u00e9geons vos informations personnelles lorsque vous naviguez sur le Site.<\/p>\n<p class=\"margin-right-20 \"><strong>Collecte et utilisation des Informations<\/strong><br>Lorsque vous remplissez notre formulaire, nous pourrions collecter des informations personnelles telles : pr\u00e9nom, nom, courriel, t\u00e9l\u00e9phone. Nous utilisons ces informations pour contacter la personne \u00e0 sa demande, aucune infos n&rsquo;est collig\u00e9es ou r\u00e9pertori\u00e9e.<\/p>\n<p class=\"margin-right-20 \"><strong>S\u00e9curit\u00e9 des donn\u00e9es<\/strong><br>La s\u00e9curit\u00e9 de vos donn\u00e9es personnelles est importante pour nous. Nous mettons en place des mesures de s\u00e9curit\u00e9 techniques et organisationnelles pour prot\u00e9ger vos informations contre tout acc\u00e8s non autoris\u00e9, perte ou vol.<\/p>\n<p class=\"margin-right-20 \">Notre entreprise est h\u00e9berg\u00e9e sur la plateforme iWeb Technologies Inc. iWeb Technologies Inc nous fournit la plateforme en ligne. Vos donn\u00e9es peuvent \u00eatre stock\u00e9es par le biais du stockage de donn\u00e9es, des bases de donn\u00e9es et des applications g\u00e9n\u00e9rales de iWeb Technologies Inc. Elles stockent vos donn\u00e9es sur des serveurs s\u00e9curis\u00e9s derri\u00e8re un pare-feu.<\/p>\n<p class=\"margin-right-20 \"><strong>Partage des donn\u00e9es<\/strong><br>Nous ne vendons ni ne louons vos informations personnelles \u00e0 des tiers.<\/p>\n<p class=\"margin-right-20 \"><strong>Droits des utilisateurs<\/strong><br>Vous avez le droit d&rsquo;acc\u00e9der \u00e0 vos informations personnelles, de les corriger, de les supprimer ou de vous opposer \u00e0 leur traitement. Pour exercer ces droits, veuillez contacter&nbsp;<a href=\"mailto:info@missgriffintown.com\">i<\/a>nfo@missgriffintown.com.<\/p>\n<p class=\"margin-right-20 \"><strong>Cookies et Google Analytics<\/strong><br>Le Site a recours \u00e0 des outils d\u2019analyse (Google Analytics) Ces outils permettent la collecte, l\u2019analyse, la mesure et la pr\u00e9sentation de donn\u00e9es sur les visites effectu\u00e9es, dans le but de comprendre et d\u2019optimiser l\u2019utilisation du Site. Le Site conserve ce type d\u2019information pour comptabiliser, entre autres : le nombre de visiteurs, les pages les plus fr\u00e9quent\u00e9es, la technologie utilis\u00e9e par la client\u00e8le de son Service, les sites r\u00e9f\u00e9rents, le pays d\u2019origine des utilisateurs du Site.<\/p>\n<p class=\"margin-right-20 \"><strong>Transferts internationaux<\/strong><br>Vos informations peuvent \u00eatre transf\u00e9r\u00e9es et stock\u00e9es dans des pays en dehors de votre lieu de r\u00e9sidence. En utilisant notre Site, vous consentez \u00e0 ces transferts.<\/p>\n<p class=\"margin-right-20 \"><strong>Dur\u00e9e de conservation des donn\u00e9es<\/strong><br>Nous conserverons vos informations personnelles aussi longtemps que n\u00e9cessaire pour atteindre les objectifs d\u00e9crits dans la pr\u00e9sente Politique, \u00e0 moins que la loi n&rsquo;exige ou n&rsquo;autorise une p\u00e9riode de conservation plus longue.<\/p>\n<p class=\"margin-right-20 \"><strong>Retrait de consentement<\/strong><br>Si vous ne souhaitez plus que nous traitions vos donn\u00e9es, veuillez contacter&nbsp;<a href=\"mailto:info@missgriffintown.com\">i<\/a>nfo@missgriffintown.com<\/p>\n<p class=\"margin-right-20 \"><strong>Mise \u00e0 jour de la politique de confidentialit\u00e9<\/strong><br>Nous nous r\u00e9servons le droit de modifier cette politique de confidentialit\u00e9 \u00e0 tout moment, aussi nous vous invitons \u00e0 la consulter fr\u00e9quemment. Les modifications et les clarifications prendront effet d\u00e8s leur publication sur le site web. Si nous apportons des modifications importantes \u00e0 la pr\u00e9sente politique, nous vous informerons ici de sa mise \u00e0 jour, afin que vous sachiez quelles informations nous recueillons, comment nous les utilisons et dans quelles circonstances, le cas \u00e9ch\u00e9ant, nous les utilisons et\/ou les divulguons.<\/p>\n<p class=\"margin-right-20 \"><strong>Contact<\/strong><br>Pour toute question concernant la Politique de Confidentialit\u00e9, veuillez contacter&nbsp;<a href=\"mailto:info@missgriffintown.com\">i<\/a>nfo@missgriffintown.com<\/p>\n<p class=\"margin-right-20 \"><em>Mise \u00e0 jour le 4 d\u00e9cembre 2023<\/em>.<\/p>\t\t\t\t\t\t\t\t<\/div>\n\t\t\t\t<\/div>\n\t\t\t\t\t<\/div>\n\t\t<\/div>\n\t\t\t\t\t<\/div>\n\t\t<\/div>\n\t\t\t\t<\/div>\n\t\t","protected":false},"excerpt":{"rendered":"<p>Bienvenue sur MissGriffintown (le \u00ab\u00a0Site\u00a0\u00bb). La pr\u00e9sente politique de confidentialit\u00e9 (la \u00ab\u00a0Politique\u00a0\u00bb) a \u00e9t\u00e9 \u00e9tablie pour expliquer comment nous collectons, utilisons et prot\u00e9geons vos informations [&hellip;]<\/p>\n","protected":false},"author":16,"featured_media":0,"parent":0,"menu_order":0,"comment_status":"closed","ping_status":"closed","template":"","meta":{"inline_featured_image":false,"footnotes":""},"class_list":["post-2436","page","type-page","status-publish","hentry"],"yoast_head":"<!-- This site is optimized with the Yoast SEO plugin v26.8 - https:\/\/yoast.com\/product\/yoast-seo-wordpress\/ -->\n<title>Politique de confidentialit\u00e9 | Miss Griffintown<\/title>\n<meta name=\"description\" content=\"Want to know more about us? We are specialized in beauty services performed with high quality products.\" \/>\n<meta name=\"robots\" content=\"index, follow, max-snippet:-1, max-image-preview:large, max-video-preview:-1\" \/>\n<link rel=\"canonical\" href=\"https:\/\/missgriffintown.com\/fr\/politique-de-confidentialite\/\" \/>\n<meta property=\"og:locale\" content=\"fr_CA\" \/>\n<meta property=\"og:type\" content=\"article\" \/>\n<meta property=\"og:title\" content=\"Politique de confidentialit\u00e9 | Miss Griffintown\" \/>\n<meta property=\"og:description\" content=\"Want to know more about us? We are specialized in beauty services performed with high quality products.\" \/>\n<meta property=\"og:url\" content=\"https:\/\/missgriffintown.com\/fr\/politique-de-confidentialite\/\" \/>\n<meta property=\"og:site_name\" content=\"Miss Griffintown\" \/>\n<meta property=\"article:modified_time\" content=\"2023-12-05T04:11:35+00:00\" \/>\n<meta name=\"twitter:card\" content=\"summary_large_image\" \/>\n<meta name=\"twitter:label1\" content=\"Estimation du temps de lecture\" \/>\n\t<meta name=\"twitter:data1\" content=\"3 minutes\" \/>\n<script type=\"application\/ld+json\" class=\"yoast-schema-graph\">{\"@context\":\"https:\/\/schema.org\",\"@graph\":[{\"@type\":\"WebPage\",\"@id\":\"https:\/\/missgriffintown.com\/fr\/politique-de-confidentialite\/\",\"url\":\"https:\/\/missgriffintown.com\/fr\/politique-de-confidentialite\/\",\"name\":\"Politique de confidentialit\u00e9 | Miss Griffintown\",\"isPartOf\":{\"@id\":\"https:\/\/missgriffintown.com\/#website\"},\"datePublished\":\"2023-12-05T04:00:44+00:00\",\"dateModified\":\"2023-12-05T04:11:35+00:00\",\"description\":\"Want to know more about us? We are specialized in beauty services performed with high quality products.\",\"breadcrumb\":{\"@id\":\"https:\/\/missgriffintown.com\/fr\/politique-de-confidentialite\/#breadcrumb\"},\"inLanguage\":\"fr-CA\",\"potentialAction\":[{\"@type\":\"ReadAction\",\"target\":[\"https:\/\/missgriffintown.com\/fr\/politique-de-confidentialite\/\"]}]},{\"@type\":\"BreadcrumbList\",\"@id\":\"https:\/\/missgriffintown.com\/fr\/politique-de-confidentialite\/#breadcrumb\",\"itemListElement\":[{\"@type\":\"ListItem\",\"position\":1,\"name\":\"Accueil\",\"item\":\"https:\/\/missgriffintown.com\/fr\/\"},{\"@type\":\"ListItem\",\"position\":2,\"name\":\"Politique de confidentialit\u00e9\"}]},{\"@type\":\"WebSite\",\"@id\":\"https:\/\/missgriffintown.com\/#website\",\"url\":\"https:\/\/missgriffintown.com\/\",\"name\":\"Miss Griffintown\",\"description\":\"Beauty Salon\",\"publisher\":{\"@id\":\"https:\/\/missgriffintown.com\/#organization\"},\"potentialAction\":[{\"@type\":\"SearchAction\",\"target\":{\"@type\":\"EntryPoint\",\"urlTemplate\":\"https:\/\/missgriffintown.com\/?s={search_term_string}\"},\"query-input\":{\"@type\":\"PropertyValueSpecification\",\"valueRequired\":true,\"valueName\":\"search_term_string\"}}],\"inLanguage\":\"fr-CA\"},{\"@type\":\"Organization\",\"@id\":\"https:\/\/missgriffintown.com\/#organization\",\"name\":\"Miss Griffintown\",\"url\":\"https:\/\/missgriffintown.com\/\",\"logo\":{\"@type\":\"ImageObject\",\"inLanguage\":\"fr-CA\",\"@id\":\"https:\/\/missgriffintown.com\/#\/schema\/logo\/image\/\",\"url\":\"https:\/\/missgriffintown.com\/wp-content\/uploads\/2020\/08\/logo_MissGriffintown.svg\",\"contentUrl\":\"https:\/\/missgriffintown.com\/wp-content\/uploads\/2020\/08\/logo_MissGriffintown.svg\",\"width\":1,\"height\":1,\"caption\":\"Miss Griffintown\"},\"image\":{\"@id\":\"https:\/\/missgriffintown.com\/#\/schema\/logo\/image\/\"}}]}<\/script>\n<!-- \/ Yoast SEO plugin. -->","yoast_head_json":{"title":"Politique de confidentialit\u00e9 | Miss Griffintown","description":"Want to know more about us? We are specialized in beauty services performed with high quality products.","robots":{"index":"index","follow":"follow","max-snippet":"max-snippet:-1","max-image-preview":"max-image-preview:large","max-video-preview":"max-video-preview:-1"},"canonical":"https:\/\/missgriffintown.com\/fr\/politique-de-confidentialite\/","og_locale":"fr_CA","og_type":"article","og_title":"Politique de confidentialit\u00e9 | Miss Griffintown","og_description":"Want to know more about us? We are specialized in beauty services performed with high quality products.","og_url":"https:\/\/missgriffintown.com\/fr\/politique-de-confidentialite\/","og_site_name":"Miss Griffintown","article_modified_time":"2023-12-05T04:11:35+00:00","twitter_card":"summary_large_image","twitter_misc":{"Estimation du temps de lecture":"3 minutes"},"schema":{"@context":"https:\/\/schema.org","@graph":[{"@type":"WebPage","@id":"https:\/\/missgriffintown.com\/fr\/politique-de-confidentialite\/","url":"https:\/\/missgriffintown.com\/fr\/politique-de-confidentialite\/","name":"Politique de confidentialit\u00e9 | Miss Griffintown","isPartOf":{"@id":"https:\/\/missgriffintown.com\/#website"},"datePublished":"2023-12-05T04:00:44+00:00","dateModified":"2023-12-05T04:11:35+00:00","description":"Want to know more about us? We are specialized in beauty services performed with high quality products.","breadcrumb":{"@id":"https:\/\/missgriffintown.com\/fr\/politique-de-confidentialite\/#breadcrumb"},"inLanguage":"fr-CA","potentialAction":[{"@type":"ReadAction","target":["https:\/\/missgriffintown.com\/fr\/politique-de-confidentialite\/"]}]},{"@type":"BreadcrumbList","@id":"https:\/\/missgriffintown.com\/fr\/politique-de-confidentialite\/#breadcrumb","itemListElement":[{"@type":"ListItem","position":1,"name":"Accueil","item":"https:\/\/missgriffintown.com\/fr\/"},{"@type":"ListItem","position":2,"name":"Politique de confidentialit\u00e9"}]},{"@type":"WebSite","@id":"https:\/\/missgriffintown.com\/#website","url":"https:\/\/missgriffintown.com\/","name":"Miss Griffintown","description":"Beauty Salon","publisher":{"@id":"https:\/\/missgriffintown.com\/#organization"},"potentialAction":[{"@type":"SearchAction","target":{"@type":"EntryPoint","urlTemplate":"https:\/\/missgriffintown.com\/?s={search_term_string}"},"query-input":{"@type":"PropertyValueSpecification","valueRequired":true,"valueName":"search_term_string"}}],"inLanguage":"fr-CA"},{"@type":"Organization","@id":"https:\/\/missgriffintown.com\/#organization","name":"Miss Griffintown","url":"https:\/\/missgriffintown.com\/","logo":{"@type":"ImageObject","inLanguage":"fr-CA","@id":"https:\/\/missgriffintown.com\/#\/schema\/logo\/image\/","url":"https:\/\/missgriffintown.com\/wp-content\/uploads\/2020\/08\/logo_MissGriffintown.svg","contentUrl":"https:\/\/missgriffintown.com\/wp-content\/uploads\/2020\/08\/logo_MissGriffintown.svg","width":1,"height":1,"caption":"Miss Griffintown"},"image":{"@id":"https:\/\/missgriffintown.com\/#\/schema\/logo\/image\/"}}]}},"_links":{"self":[{"href":"https:\/\/missgriffintown.com\/fr\/wp-json\/wp\/v2\/pages\/2436","targetHints":{"allow":["GET"]}}],"collection":[{"href":"https:\/\/missgriffintown.com\/fr\/wp-json\/wp\/v2\/pages"}],"about":[{"href":"https:\/\/missgriffintown.com\/fr\/wp-json\/wp\/v2\/types\/page"}],"author":[{"embeddable":true,"href":"https:\/\/missgriffintown.com\/fr\/wp-json\/wp\/v2\/users\/16"}],"replies":[{"embeddable":true,"href":"https:\/\/missgriffintown.com\/fr\/wp-json\/wp\/v2\/comments?post=2436"}],"version-history":[{"count":4,"href":"https:\/\/missgriffintown.com\/fr\/wp-json\/wp\/v2\/pages\/2436\/revisions"}],"predecessor-version":[{"id":2442,"href":"https:\/\/missgriffintown.com\/fr\/wp-json\/wp\/v2\/pages\/2436\/revisions\/2442"}],"wp:attachment":[{"href":"https:\/\/missgriffintown.com\/fr\/wp-json\/wp\/v2\/media?parent=2436"}],"curies":[{"name":"wp","href":"https:\/\/api.w.org\/{rel}","templated":true}]}}