{"id":1675,"date":"2020-09-21T18:51:06","date_gmt":"2020-09-21T18:51:06","guid":{"rendered":"https:\/\/missgriffintown.com\/covid-19\/"},"modified":"2022-04-11T13:38:45","modified_gmt":"2022-04-11T13:38:45","slug":"covid-19","status":"publish","type":"page","link":"https:\/\/missgriffintown.com\/fr\/covid-19\/","title":{"rendered":"COVID-19"},"content":{"rendered":"\t\t<div data-elementor-type=\"wp-page\" data-elementor-id=\"1675\" class=\"elementor elementor-1675 elementor-1420\">\n\t\t\t\t\t\t<div class=\"elementor-section elementor-top-section elementor-element elementor-element-9c9e197 elementor-section-stretched elementor-section-content-middle elementor-section-boxed elementor-section-height-default elementor-section-height-default\" data-id=\"9c9e197\" data-element_type=\"section\" data-settings=\"{&quot;stretch_section&quot;:&quot;section-stretched&quot;}\">\n\t\t\t\t\t\t<div class=\"elementor-container elementor-column-gap-extended\">\n\t\t\t\t\t<div class=\"elementor-column elementor-col-50 elementor-top-column elementor-element elementor-element-54e0a7b\" data-id=\"54e0a7b\" data-element_type=\"column\">\n\t\t\t<div class=\"elementor-widget-wrap elementor-element-populated\">\n\t\t\t\t\t\t<div class=\"elementor-element elementor-element-a3368a8 elementor-widget elementor-widget-spacer\" data-id=\"a3368a8\" data-element_type=\"widget\" data-widget_type=\"spacer.default\">\n\t\t\t\t<div class=\"elementor-widget-container\">\n\t\t\t\t\t\t\t<div class=\"elementor-spacer\">\n\t\t\t<div class=\"elementor-spacer-inner\"><\/div>\n\t\t<\/div>\n\t\t\t\t\t\t<\/div>\n\t\t\t\t<\/div>\n\t\t\t\t<div class=\"elementor-element elementor-element-fd085bd elementor-widget elementor-widget-heading\" data-id=\"fd085bd\" data-element_type=\"widget\" data-widget_type=\"heading.default\">\n\t\t\t\t<div class=\"elementor-widget-container\">\n\t\t\t\t\t<h2 class=\"elementor-heading-title elementor-size-default\">Votre s\u00e9curit\u00e9 et bien-\u00eatre sont nos priorit\u00e9s<\/h2>\t\t\t\t<\/div>\n\t\t\t\t<\/div>\n\t\t\t\t<div class=\"elementor-element elementor-element-f90693f elementor-widget-divider--view-line_icon elementor-widget-divider--element-align-left elementor-view-default elementor-widget elementor-widget-divider\" data-id=\"f90693f\" data-element_type=\"widget\" data-widget_type=\"divider.default\">\n\t\t\t\t<div class=\"elementor-widget-container\">\n\t\t\t\t\t\t\t<div class=\"elementor-divider\">\n\t\t\t<span class=\"elementor-divider-separator\">\n\t\t\t\t\t\t\t<div class=\"elementor-icon elementor-divider__element\">\n\t\t\t\t\t<svg xmlns=\"http:\/\/www.w3.org\/2000\/svg\" xmlns:xlink=\"http:\/\/www.w3.org\/1999\/xlink\" id=\"Layer_1\" x=\"0px\" y=\"0px\" viewBox=\"0 0 9 9\" style=\"enable-background:new 0 0 9 9;\" xml:space=\"preserve\"><style type=\"text\/css\">\t.st0{fill:#212121;}<\/style><rect x=\"1.3\" y=\"1.3\" transform=\"matrix(0.7071 0.7071 -0.7071 0.7071 4.489 -1.8594)\" class=\"st0\" width=\"6.3\" height=\"6.3\"><\/rect><\/svg><\/div>\n\t\t\t\t\t\t<\/span>\n\t\t<\/div>\n\t\t\t\t\t\t<\/div>\n\t\t\t\t<\/div>\n\t\t\t\t<div class=\"elementor-element elementor-element-69d6754 elementor-widget elementor-widget-text-editor\" data-id=\"69d6754\" data-element_type=\"widget\" data-widget_type=\"text-editor.default\">\n\t\t\t\t<div class=\"elementor-widget-container\">\n\t\t\t\t\t\t\t\t\t<p>Nous avons h\u00e2tes de vous servir tout en respectant toutes les consignes de s\u00e9curit\u00e9 fournies par la Direction g\u00e9n\u00e9rale de la sant\u00e9 publique et la CNESST.<\/p><ul><li>Nous serons limit\u00e9s \u00e0 50% de capacit\u00e9 et \u00e0 2 m\u00e8tres de distance entre les chaises.<\/li><li>Des barri\u00e8res sont install\u00e9es \u00e0 la caisse et aux postes de manucure.<\/li><li>Les clients ne seront pas autoris\u00e9s \u00e0 \u00eatre accompagn\u00e9.<\/li><li>Veuillez r\u00e9duire au minimum les effets personnels apport\u00e9s au salon.<\/li><li>Tous les clients devront porter un masque pendant leur visite au salon. Tous les employ\u00e9s devront \u00e9galement porter un masque au salon. Votre esth\u00e9ticienne portera peut-\u00eatre \u00e9galement des lunettes de protection pour plus de pr\u00e9cautions de s\u00e9curit\u00e9.<\/li><li>Les employ\u00e9s et les clients qui pr\u00e9sentent des sympt\u00f4mes ne sont pas autoris\u00e9s \u00e0 entrer dans le salon.<\/li><li>Des d\u00e9sinfectants pour les mains ont \u00e9t\u00e9 plac\u00e9s dans tout le salon. Chaque client est tenu de se laver \/ d\u00e9sinfecter les mains \u00e0 son arriv\u00e9e<\/li><li>Les surfaces fr\u00e9quemment touch\u00e9es, notamment les stations, les chaises, les tables, les bureaux, les poign\u00e9es de porte, les appareils de plomberie, etc., seront nettoy\u00e9es et d\u00e9sinfect\u00e9es tout au long de la journ\u00e9e ou entre chaque client.<\/li><li>Les outils de l&rsquo;esth\u00e9ticienne seront nettoy\u00e9s et d\u00e9sinfect\u00e9s entre chaque client. Le partage de produits entre esth\u00e9ticiennes \/ stations sera interdit.<\/li><li>Temps suppl\u00e9mentaire compris entre les rendez-vous pour des proc\u00e9dures d&rsquo;assainissement am\u00e9lior\u00e9es,<\/li><\/ul><div><p>Nous vous remercions de votre soutien et de votre patience pendant cette p\u00e9riode. Nous esp\u00e9rons vous revoir bient\u00f4t!<\/p><p>Cordialement,<\/p><p><em> MISS GRIFFINTOWN <\/em><\/p><\/div>\t\t\t\t\t\t\t\t<\/div>\n\t\t\t\t<\/div>\n\t\t\t\t\t<\/div>\n\t\t<\/div>\n\t\t\t\t<div class=\"elementor-column elementor-col-50 elementor-top-column elementor-element elementor-element-41ccc51\" data-id=\"41ccc51\" data-element_type=\"column\">\n\t\t\t<div class=\"elementor-widget-wrap elementor-element-populated\">\n\t\t\t\t\t\t<div class=\"elementor-element elementor-element-6f2fa24 elementor-absolute elementor-hidden-phone elementor-widget elementor-widget-spacer\" data-id=\"6f2fa24\" data-element_type=\"widget\" data-settings=\"{&quot;_position&quot;:&quot;absolute&quot;}\" data-widget_type=\"spacer.default\">\n\t\t\t\t<div class=\"elementor-widget-container\">\n\t\t\t\t\t\t\t<div class=\"elementor-spacer\">\n\t\t\t<div class=\"elementor-spacer-inner\"><\/div>\n\t\t<\/div>\n\t\t\t\t\t\t<\/div>\n\t\t\t\t<\/div>\n\t\t\t\t<div class=\"elementor-element elementor-element-34be00f elementor-widget elementor-widget-image\" data-id=\"34be00f\" data-element_type=\"widget\" data-widget_type=\"image.default\">\n\t\t\t\t<div class=\"elementor-widget-container\">\n\t\t\t\t\t\t\t\t\t\t\t\t\t\t\t<img fetchpriority=\"high\" decoding=\"async\" width=\"469\" height=\"590\" src=\"https:\/\/missgriffintown.com\/wp-content\/uploads\/2020\/09\/mask.jpg\" class=\"attachment-full size-full wp-image-1576\" alt=\"mask\" \/>\t\t\t\t\t\t\t\t\t\t\t\t\t\t\t<\/div>\n\t\t\t\t<\/div>\n\t\t\t\t\t<\/div>\n\t\t<\/div>\n\t\t\t\t\t<\/div>\n\t\t<\/div>\n\t\t\t\t<div class=\"elementor-section elementor-top-section elementor-element elementor-element-4ef0e72 elementor-section-boxed elementor-section-height-default elementor-section-height-default\" data-id=\"4ef0e72\" data-element_type=\"section\">\n\t\t\t\t\t\t<div class=\"elementor-container elementor-column-gap-default\">\n\t\t\t\t\t<div class=\"elementor-column elementor-col-100 elementor-top-column elementor-element elementor-element-0a2bca3\" data-id=\"0a2bca3\" data-element_type=\"column\">\n\t\t\t<div class=\"elementor-widget-wrap elementor-element-populated\">\n\t\t\t\t\t\t<div class=\"elementor-element elementor-element-2889f6d elementor-widget elementor-widget-spacer\" data-id=\"2889f6d\" data-element_type=\"widget\" data-widget_type=\"spacer.default\">\n\t\t\t\t<div class=\"elementor-widget-container\">\n\t\t\t\t\t\t\t<div class=\"elementor-spacer\">\n\t\t\t<div class=\"elementor-spacer-inner\"><\/div>\n\t\t<\/div>\n\t\t\t\t\t\t<\/div>\n\t\t\t\t<\/div>\n\t\t\t\t\t<\/div>\n\t\t<\/div>\n\t\t\t\t\t<\/div>\n\t\t<\/div>\n\t\t\t\t<\/div>\n\t\t","protected":false},"excerpt":{"rendered":"<p>Votre s\u00e9curit\u00e9 et bien-\u00eatre sont nos priorit\u00e9s Nous avons h\u00e2tes de vous servir tout en respectant toutes les consignes de s\u00e9curit\u00e9 fournies par la Direction [&hellip;]<\/p>\n","protected":false},"author":16,"featured_media":0,"parent":0,"menu_order":0,"comment_status":"closed","ping_status":"closed","template":"","meta":{"inline_featured_image":false,"footnotes":""},"class_list":["post-1675","page","type-page","status-publish","hentry"],"yoast_head":"<!-- This site is optimized with the Yoast SEO plugin v26.8 - https:\/\/yoast.com\/product\/yoast-seo-wordpress\/ -->\n<title>COVID-19 | Miss Griffintown<\/title>\n<meta name=\"description\" content=\"\u00c0 Miss Griffintown, nous respectons les mesures de nettoyage et d&#039;hygi\u00e8ne afin que chaque client re\u00e7oive un service de la plus haute qualit\u00e9.\" \/>\n<meta name=\"robots\" content=\"index, follow, max-snippet:-1, max-image-preview:large, max-video-preview:-1\" \/>\n<link rel=\"canonical\" href=\"https:\/\/missgriffintown.com\/fr\/covid-19\/\" \/>\n<meta property=\"og:locale\" content=\"fr_CA\" \/>\n<meta property=\"og:type\" content=\"article\" \/>\n<meta property=\"og:title\" content=\"COVID-19 | Miss Griffintown\" \/>\n<meta property=\"og:description\" content=\"\u00c0 Miss Griffintown, nous respectons les mesures de nettoyage et d&#039;hygi\u00e8ne afin que chaque client re\u00e7oive un service de la plus haute qualit\u00e9.\" \/>\n<meta property=\"og:url\" content=\"https:\/\/missgriffintown.com\/fr\/covid-19\/\" \/>\n<meta property=\"og:site_name\" content=\"Miss Griffintown\" \/>\n<meta property=\"article:modified_time\" content=\"2022-04-11T13:38:45+00:00\" \/>\n<meta property=\"og:image\" content=\"https:\/\/missgriffintown.com\/wp-content\/uploads\/2020\/09\/mask.jpg\" \/>\n<meta name=\"twitter:card\" content=\"summary_large_image\" \/>\n<meta name=\"twitter:label1\" content=\"Estimation du temps de lecture\" \/>\n\t<meta name=\"twitter:data1\" content=\"2 minutes\" \/>\n<script type=\"application\/ld+json\" class=\"yoast-schema-graph\">{\"@context\":\"https:\/\/schema.org\",\"@graph\":[{\"@type\":\"WebPage\",\"@id\":\"https:\/\/missgriffintown.com\/fr\/covid-19\/\",\"url\":\"https:\/\/missgriffintown.com\/fr\/covid-19\/\",\"name\":\"COVID-19 | Miss Griffintown\",\"isPartOf\":{\"@id\":\"https:\/\/missgriffintown.com\/#website\"},\"primaryImageOfPage\":{\"@id\":\"https:\/\/missgriffintown.com\/fr\/covid-19\/#primaryimage\"},\"image\":{\"@id\":\"https:\/\/missgriffintown.com\/fr\/covid-19\/#primaryimage\"},\"thumbnailUrl\":\"https:\/\/missgriffintown.com\/wp-content\/uploads\/2020\/09\/mask.jpg\",\"datePublished\":\"2020-09-21T18:51:06+00:00\",\"dateModified\":\"2022-04-11T13:38:45+00:00\",\"description\":\"\u00c0 Miss Griffintown, nous respectons les mesures de nettoyage et d'hygi\u00e8ne afin que chaque client re\u00e7oive un service de la plus haute qualit\u00e9.\",\"breadcrumb\":{\"@id\":\"https:\/\/missgriffintown.com\/fr\/covid-19\/#breadcrumb\"},\"inLanguage\":\"fr-CA\",\"potentialAction\":[{\"@type\":\"ReadAction\",\"target\":[\"https:\/\/missgriffintown.com\/fr\/covid-19\/\"]}]},{\"@type\":\"ImageObject\",\"inLanguage\":\"fr-CA\",\"@id\":\"https:\/\/missgriffintown.com\/fr\/covid-19\/#primaryimage\",\"url\":\"https:\/\/missgriffintown.com\/wp-content\/uploads\/2020\/09\/mask.jpg\",\"contentUrl\":\"https:\/\/missgriffintown.com\/wp-content\/uploads\/2020\/09\/mask.jpg\"},{\"@type\":\"BreadcrumbList\",\"@id\":\"https:\/\/missgriffintown.com\/fr\/covid-19\/#breadcrumb\",\"itemListElement\":[{\"@type\":\"ListItem\",\"position\":1,\"name\":\"Accueil\",\"item\":\"https:\/\/missgriffintown.com\/fr\/\"},{\"@type\":\"ListItem\",\"position\":2,\"name\":\"COVID-19\"}]},{\"@type\":\"WebSite\",\"@id\":\"https:\/\/missgriffintown.com\/#website\",\"url\":\"https:\/\/missgriffintown.com\/\",\"name\":\"Miss Griffintown\",\"description\":\"Beauty Salon\",\"publisher\":{\"@id\":\"https:\/\/missgriffintown.com\/#organization\"},\"potentialAction\":[{\"@type\":\"SearchAction\",\"target\":{\"@type\":\"EntryPoint\",\"urlTemplate\":\"https:\/\/missgriffintown.com\/?s={search_term_string}\"},\"query-input\":{\"@type\":\"PropertyValueSpecification\",\"valueRequired\":true,\"valueName\":\"search_term_string\"}}],\"inLanguage\":\"fr-CA\"},{\"@type\":\"Organization\",\"@id\":\"https:\/\/missgriffintown.com\/#organization\",\"name\":\"Miss Griffintown\",\"url\":\"https:\/\/missgriffintown.com\/\",\"logo\":{\"@type\":\"ImageObject\",\"inLanguage\":\"fr-CA\",\"@id\":\"https:\/\/missgriffintown.com\/#\/schema\/logo\/image\/\",\"url\":\"https:\/\/missgriffintown.com\/wp-content\/uploads\/2020\/08\/logo_MissGriffintown.svg\",\"contentUrl\":\"https:\/\/missgriffintown.com\/wp-content\/uploads\/2020\/08\/logo_MissGriffintown.svg\",\"width\":1,\"height\":1,\"caption\":\"Miss Griffintown\"},\"image\":{\"@id\":\"https:\/\/missgriffintown.com\/#\/schema\/logo\/image\/\"}}]}<\/script>\n<!-- \/ Yoast SEO plugin. -->","yoast_head_json":{"title":"COVID-19 | Miss Griffintown","description":"\u00c0 Miss Griffintown, nous respectons les mesures de nettoyage et d'hygi\u00e8ne afin que chaque client re\u00e7oive un service de la plus haute qualit\u00e9.","robots":{"index":"index","follow":"follow","max-snippet":"max-snippet:-1","max-image-preview":"max-image-preview:large","max-video-preview":"max-video-preview:-1"},"canonical":"https:\/\/missgriffintown.com\/fr\/covid-19\/","og_locale":"fr_CA","og_type":"article","og_title":"COVID-19 | Miss Griffintown","og_description":"\u00c0 Miss Griffintown, nous respectons les mesures de nettoyage et d'hygi\u00e8ne afin que chaque client re\u00e7oive un service de la plus haute qualit\u00e9.","og_url":"https:\/\/missgriffintown.com\/fr\/covid-19\/","og_site_name":"Miss Griffintown","article_modified_time":"2022-04-11T13:38:45+00:00","og_image":[{"url":"https:\/\/missgriffintown.com\/wp-content\/uploads\/2020\/09\/mask.jpg","type":"","width":"","height":""}],"twitter_card":"summary_large_image","twitter_misc":{"Estimation du temps de lecture":"2 minutes"},"schema":{"@context":"https:\/\/schema.org","@graph":[{"@type":"WebPage","@id":"https:\/\/missgriffintown.com\/fr\/covid-19\/","url":"https:\/\/missgriffintown.com\/fr\/covid-19\/","name":"COVID-19 | Miss Griffintown","isPartOf":{"@id":"https:\/\/missgriffintown.com\/#website"},"primaryImageOfPage":{"@id":"https:\/\/missgriffintown.com\/fr\/covid-19\/#primaryimage"},"image":{"@id":"https:\/\/missgriffintown.com\/fr\/covid-19\/#primaryimage"},"thumbnailUrl":"https:\/\/missgriffintown.com\/wp-content\/uploads\/2020\/09\/mask.jpg","datePublished":"2020-09-21T18:51:06+00:00","dateModified":"2022-04-11T13:38:45+00:00","description":"\u00c0 Miss Griffintown, nous respectons les mesures de nettoyage et d'hygi\u00e8ne afin que chaque client re\u00e7oive un service de la plus haute qualit\u00e9.","breadcrumb":{"@id":"https:\/\/missgriffintown.com\/fr\/covid-19\/#breadcrumb"},"inLanguage":"fr-CA","potentialAction":[{"@type":"ReadAction","target":["https:\/\/missgriffintown.com\/fr\/covid-19\/"]}]},{"@type":"ImageObject","inLanguage":"fr-CA","@id":"https:\/\/missgriffintown.com\/fr\/covid-19\/#primaryimage","url":"https:\/\/missgriffintown.com\/wp-content\/uploads\/2020\/09\/mask.jpg","contentUrl":"https:\/\/missgriffintown.com\/wp-content\/uploads\/2020\/09\/mask.jpg"},{"@type":"BreadcrumbList","@id":"https:\/\/missgriffintown.com\/fr\/covid-19\/#breadcrumb","itemListElement":[{"@type":"ListItem","position":1,"name":"Accueil","item":"https:\/\/missgriffintown.com\/fr\/"},{"@type":"ListItem","position":2,"name":"COVID-19"}]},{"@type":"WebSite","@id":"https:\/\/missgriffintown.com\/#website","url":"https:\/\/missgriffintown.com\/","name":"Miss Griffintown","description":"Beauty Salon","publisher":{"@id":"https:\/\/missgriffintown.com\/#organization"},"potentialAction":[{"@type":"SearchAction","target":{"@type":"EntryPoint","urlTemplate":"https:\/\/missgriffintown.com\/?s={search_term_string}"},"query-input":{"@type":"PropertyValueSpecification","valueRequired":true,"valueName":"search_term_string"}}],"inLanguage":"fr-CA"},{"@type":"Organization","@id":"https:\/\/missgriffintown.com\/#organization","name":"Miss Griffintown","url":"https:\/\/missgriffintown.com\/","logo":{"@type":"ImageObject","inLanguage":"fr-CA","@id":"https:\/\/missgriffintown.com\/#\/schema\/logo\/image\/","url":"https:\/\/missgriffintown.com\/wp-content\/uploads\/2020\/08\/logo_MissGriffintown.svg","contentUrl":"https:\/\/missgriffintown.com\/wp-content\/uploads\/2020\/08\/logo_MissGriffintown.svg","width":1,"height":1,"caption":"Miss Griffintown"},"image":{"@id":"https:\/\/missgriffintown.com\/#\/schema\/logo\/image\/"}}]}},"_links":{"self":[{"href":"https:\/\/missgriffintown.com\/fr\/wp-json\/wp\/v2\/pages\/1675","targetHints":{"allow":["GET"]}}],"collection":[{"href":"https:\/\/missgriffintown.com\/fr\/wp-json\/wp\/v2\/pages"}],"about":[{"href":"https:\/\/missgriffintown.com\/fr\/wp-json\/wp\/v2\/types\/page"}],"author":[{"embeddable":true,"href":"https:\/\/missgriffintown.com\/fr\/wp-json\/wp\/v2\/users\/16"}],"replies":[{"embeddable":true,"href":"https:\/\/missgriffintown.com\/fr\/wp-json\/wp\/v2\/comments?post=1675"}],"version-history":[{"count":5,"href":"https:\/\/missgriffintown.com\/fr\/wp-json\/wp\/v2\/pages\/1675\/revisions"}],"predecessor-version":[{"id":2001,"href":"https:\/\/missgriffintown.com\/fr\/wp-json\/wp\/v2\/pages\/1675\/revisions\/2001"}],"wp:attachment":[{"href":"https:\/\/missgriffintown.com\/fr\/wp-json\/wp\/v2\/media?parent=1675"}],"curies":[{"name":"wp","href":"https:\/\/api.w.org\/{rel}","templated":true}]}}