{"id":1671,"date":"2020-09-21T18:50:07","date_gmt":"2020-09-21T18:50:07","guid":{"rendered":"https:\/\/missgriffintown.com\/contactez-nous\/"},"modified":"2022-06-02T20:01:44","modified_gmt":"2022-06-02T20:01:44","slug":"contactez-nous","status":"publish","type":"page","link":"https:\/\/missgriffintown.com\/fr\/contactez-nous\/","title":{"rendered":"Contactez-nous"},"content":{"rendered":"\t\t<div data-elementor-type=\"wp-page\" data-elementor-id=\"1671\" class=\"elementor elementor-1671 elementor-379\">\n\t\t\t\t\t\t<div class=\"elementor-section elementor-top-section elementor-element elementor-element-39ac385 elementor-section-full_width elementor-section-stretched elementor-section-height-default elementor-section-height-default\" data-id=\"39ac385\" data-element_type=\"section\" data-settings=\"{&quot;stretch_section&quot;:&quot;section-stretched&quot;}\">\n\t\t\t\t\t\t<div class=\"elementor-container elementor-column-gap-no\">\n\t\t\t\t\t<div class=\"elementor-column elementor-col-100 elementor-top-column elementor-element elementor-element-9c7d2b3\" data-id=\"9c7d2b3\" data-element_type=\"column\">\n\t\t\t<div class=\"elementor-widget-wrap elementor-element-populated\">\n\t\t\t\t\t\t<div class=\"elementor-element elementor-element-003b9f4 elementor-widget__width-inherit elementor-widget elementor-widget-google_maps\" data-id=\"003b9f4\" data-element_type=\"widget\" data-widget_type=\"google_maps.default\">\n\t\t\t\t<div class=\"elementor-widget-container\">\n\t\t\t\t\t\t\t<div class=\"elementor-custom-embed\">\n\t\t\t<iframe loading=\"lazy\"\n\t\t\t\t\tsrc=\"https:\/\/maps.google.com\/maps?q=%20380%20Guy%20St%2C%20Montreal%2C%20Quebec%20H3J%201S6&#038;t=m&#038;z=13&#038;output=embed&#038;iwloc=near\"\n\t\t\t\t\ttitle=\" 380 Guy St, Montreal, Quebec H3J 1S6\"\n\t\t\t\t\taria-label=\" 380 Guy St, Montreal, Quebec H3J 1S6\"\n\t\t\t><\/iframe>\n\t\t<\/div>\n\t\t\t\t\t\t<\/div>\n\t\t\t\t<\/div>\n\t\t\t\t\t<\/div>\n\t\t<\/div>\n\t\t\t\t\t<\/div>\n\t\t<\/div>\n\t\t\t\t<div class=\"elementor-section elementor-top-section elementor-element elementor-element-6a61546 elementor-section-stretched elementor-section-boxed elementor-section-height-default elementor-section-height-default\" data-id=\"6a61546\" data-element_type=\"section\" data-settings=\"{&quot;stretch_section&quot;:&quot;section-stretched&quot;}\">\n\t\t\t\t\t\t<div class=\"elementor-container elementor-column-gap-no\">\n\t\t\t\t\t<div class=\"elementor-column elementor-col-66 elementor-top-column elementor-element elementor-element-b633e57\" data-id=\"b633e57\" data-element_type=\"column\">\n\t\t\t<div class=\"elementor-widget-wrap elementor-element-populated\">\n\t\t\t\t\t\t<div class=\"elementor-element elementor-element-04c0bae elementor-widget elementor-widget-heading\" data-id=\"04c0bae\" data-element_type=\"widget\" data-widget_type=\"heading.default\">\n\t\t\t\t<div class=\"elementor-widget-container\">\n\t\t\t\t\t<h3 class=\"elementor-heading-title elementor-size-default\">Nous sommes l\u00e0 pour vous.<\/h3>\t\t\t\t<\/div>\n\t\t\t\t<\/div>\n\t\t\t\t<div class=\"elementor-element elementor-element-b6a7351 elementor-widget-divider--view-line_icon elementor-widget-divider--element-align-left elementor-view-default elementor-widget elementor-widget-divider\" data-id=\"b6a7351\" data-element_type=\"widget\" data-widget_type=\"divider.default\">\n\t\t\t\t<div class=\"elementor-widget-container\">\n\t\t\t\t\t\t\t<div class=\"elementor-divider\">\n\t\t\t<span class=\"elementor-divider-separator\">\n\t\t\t\t\t\t\t<div class=\"elementor-icon elementor-divider__element\">\n\t\t\t\t\t<svg xmlns=\"http:\/\/www.w3.org\/2000\/svg\" xmlns:xlink=\"http:\/\/www.w3.org\/1999\/xlink\" id=\"Layer_1\" x=\"0px\" y=\"0px\" viewBox=\"0 0 9 9\" style=\"enable-background:new 0 0 9 9;\" xml:space=\"preserve\"><style type=\"text\/css\">\t.st0{fill:#212121;}<\/style><rect x=\"1.3\" y=\"1.3\" transform=\"matrix(0.7071 0.7071 -0.7071 0.7071 4.489 -1.8594)\" class=\"st0\" width=\"6.3\" height=\"6.3\"><\/rect><\/svg><\/div>\n\t\t\t\t\t\t<\/span>\n\t\t<\/div>\n\t\t\t\t\t\t<\/div>\n\t\t\t\t<\/div>\n\t\t\t\t<div class=\"elementor-element elementor-element-8128dcd elementor-widget elementor-widget-heading\" data-id=\"8128dcd\" data-element_type=\"widget\" data-widget_type=\"heading.default\">\n\t\t\t\t<div class=\"elementor-widget-container\">\n\t\t\t\t\t<div class=\"elementor-heading-title elementor-size-default\">Une question, un commentaire ou une suggestion? Envoyez-nous un message et nous vous r\u00e9pondrons sous peu!<\/div>\t\t\t\t<\/div>\n\t\t\t\t<\/div>\n\t\t\t\t<div class=\"elementor-element elementor-element-3e20a1e elementor-widget elementor-widget-contactform-7\" data-id=\"3e20a1e\" data-element_type=\"widget\" data-widget_type=\"contactform-7.default\">\n\t\t\t\t<div class=\"elementor-widget-container\">\n\t\t\t\t\t\n<div class=\"wpcf7 no-js\" id=\"wpcf7-f1716-o1\" lang=\"fr-CA\" dir=\"ltr\" data-wpcf7-id=\"1716\">\n<div class=\"screen-reader-response\"><p role=\"status\" aria-live=\"polite\" aria-atomic=\"true\"><\/p> <ul><\/ul><\/div>\n<form action=\"\/fr\/wp-json\/wp\/v2\/pages\/1671#wpcf7-f1716-o1\" method=\"post\" class=\"wpcf7-form init\" aria-label=\"Contact form\" novalidate=\"novalidate\" data-status=\"init\">\n<fieldset class=\"hidden-fields-container\"><input type=\"hidden\" name=\"_wpcf7\" value=\"1716\" \/><input type=\"hidden\" name=\"_wpcf7_version\" value=\"6.1.5\" \/><input type=\"hidden\" name=\"_wpcf7_locale\" value=\"fr_CA\" \/><input type=\"hidden\" name=\"_wpcf7_unit_tag\" value=\"wpcf7-f1716-o1\" \/><input type=\"hidden\" name=\"_wpcf7_container_post\" value=\"0\" \/><input type=\"hidden\" name=\"_wpcf7_posted_data_hash\" value=\"\" \/>\n<\/fieldset>\n<p><label> Votre nom *<br \/>\n<span class=\"wpcf7-form-control-wrap\" data-name=\"your-name\"><input size=\"40\" maxlength=\"400\" class=\"wpcf7-form-control wpcf7-text wpcf7-validates-as-required\" aria-required=\"true\" aria-invalid=\"false\" value=\"\" type=\"text\" name=\"your-name\" \/><\/span> <\/label>\n<\/p>\n<p><label>Votre courriel *<br \/>\n<span class=\"wpcf7-form-control-wrap\" data-name=\"your-email\"><input size=\"40\" maxlength=\"400\" class=\"wpcf7-form-control wpcf7-email wpcf7-validates-as-required wpcf7-text wpcf7-validates-as-email\" aria-required=\"true\" aria-invalid=\"false\" value=\"\" type=\"email\" name=\"your-email\" \/><\/span> <\/label>\n<\/p>\n<p><span class=\"wpcf7-form-control-wrap\" data-name=\"checkbox-587\"><span class=\"wpcf7-form-control wpcf7-checkbox wpcf7-validates-as-required\"><span class=\"wpcf7-list-item first last\"><label><input type=\"checkbox\" name=\"checkbox-587[]\" value=\"J&#039;accepte que les informations saisies soient utilis\u00e9es dans le cadre de la demande effectu\u00e9e ou de la relation qui peut en d\u00e9couler.\" \/><span class=\"wpcf7-list-item-label\">J&#039;accepte que les informations saisies soient utilis\u00e9es dans le cadre de la demande effectu\u00e9e ou de la relation qui peut en d\u00e9couler.<\/span><\/label><\/span><\/span><\/span>\n<\/p>\n<p><label> Votre message<br \/>\n<span class=\"wpcf7-form-control-wrap\" data-name=\"your-message\"><textarea cols=\"40\" rows=\"10\" maxlength=\"2000\" class=\"wpcf7-form-control wpcf7-textarea\" aria-invalid=\"false\" name=\"your-message\"><\/textarea><\/span> <\/label>\n<\/p>\n<p><input class=\"wpcf7-form-control wpcf7-submit has-spinner\" type=\"submit\" value=\"Envoyer\" \/>\n<\/p><input\n                    class=\"apbct_special_field apbct_email_id__wp_contact_form_7\"\n                    name=\"apbct__email_id__wp_contact_form_7\"\n                    aria-label=\"apbct__label_id__wp_contact_form_7\"\n                    type=\"text\" size=\"30\" maxlength=\"200\" autocomplete=\"off\"\n                    value=\"\"\n                \/><div class=\"wpcf7-response-output\" aria-hidden=\"true\"><\/div>\n<input\n                    class=\"apbct_special_field apbct_email_id__elementor_form\"\n                    name=\"apbct__email_id__elementor_form\"\n                    aria-label=\"apbct__label_id__elementor_form\"\n                    type=\"text\" size=\"30\" maxlength=\"200\" autocomplete=\"off\"\n                    value=\"\"\n                \/><\/form>\n<\/div>\n\t\t\t\t<\/div>\n\t\t\t\t<\/div>\n\t\t\t\t\t<\/div>\n\t\t<\/div>\n\t\t\t\t<div class=\"elementor-column elementor-col-33 elementor-top-column elementor-element elementor-element-f58c6a5\" data-id=\"f58c6a5\" data-element_type=\"column\">\n\t\t\t<div class=\"elementor-widget-wrap elementor-element-populated\">\n\t\t\t\t\t\t<div class=\"elementor-element elementor-element-136a117 elementor-position-left elementor-vertical-align-middle elementor-view-default elementor-mobile-position-top elementor-widget elementor-widget-icon-box\" data-id=\"136a117\" data-element_type=\"widget\" data-widget_type=\"icon-box.default\">\n\t\t\t\t<div class=\"elementor-widget-container\">\n\t\t\t\t\t\t\t<div class=\"elementor-icon-box-wrapper\">\n\n\t\t\t\t\t\t<div class=\"elementor-icon-box-icon\">\n\t\t\t\t<a href=\"tel:5149377077\" class=\"elementor-icon\" tabindex=\"-1\" aria-label=\"514.937.7077\">\n\t\t\t\t<i aria-hidden=\"true\" class=\"dlicon ui-3_phone-call\"><\/i>\t\t\t\t<\/a>\n\t\t\t<\/div>\n\t\t\t\n\t\t\t\t\t\t<div class=\"elementor-icon-box-content\">\n\n\t\t\t\t\t\t\t\t\t<div class=\"elementor-icon-box-title\">\n\t\t\t\t\t\t<a href=\"tel:5149377077\" >\n\t\t\t\t\t\t\t514.937.7077\t\t\t\t\t\t<\/a>\n\t\t\t\t\t<\/div>\n\t\t\t\t\n\t\t\t\t\n\t\t\t<\/div>\n\t\t\t\n\t\t<\/div>\n\t\t\t\t\t\t<\/div>\n\t\t\t\t<\/div>\n\t\t\t\t<div class=\"elementor-element elementor-element-f443313 elementor-position-left elementor-vertical-align-middle elementor-view-default elementor-mobile-position-top elementor-widget elementor-widget-icon-box\" data-id=\"f443313\" data-element_type=\"widget\" data-widget_type=\"icon-box.default\">\n\t\t\t\t<div class=\"elementor-widget-container\">\n\t\t\t\t\t\t\t<div class=\"elementor-icon-box-wrapper\">\n\n\t\t\t\t\t\t<div class=\"elementor-icon-box-icon\">\n\t\t\t\t<a href=\"mailto:info@missgriffintown.com\" class=\"elementor-icon\" tabindex=\"-1\" aria-label=\"info@missgriffintown.com\">\n\t\t\t\t<i aria-hidden=\"true\" class=\"dlicon ui-1_email-85\"><\/i>\t\t\t\t<\/a>\n\t\t\t<\/div>\n\t\t\t\n\t\t\t\t\t\t<div class=\"elementor-icon-box-content\">\n\n\t\t\t\t\t\t\t\t\t<div class=\"elementor-icon-box-title\">\n\t\t\t\t\t\t<a href=\"mailto:info@missgriffintown.com\" >\n\t\t\t\t\t\t\tinfo@missgriffintown.com\t\t\t\t\t\t<\/a>\n\t\t\t\t\t<\/div>\n\t\t\t\t\n\t\t\t\t\n\t\t\t<\/div>\n\t\t\t\n\t\t<\/div>\n\t\t\t\t\t\t<\/div>\n\t\t\t\t<\/div>\n\t\t\t\t<div class=\"elementor-element elementor-element-1785b21 elementor-position-left elementor-vertical-align-middle elementor-view-default elementor-mobile-position-top elementor-widget elementor-widget-icon-box\" data-id=\"1785b21\" data-element_type=\"widget\" data-widget_type=\"icon-box.default\">\n\t\t\t\t<div class=\"elementor-widget-container\">\n\t\t\t\t\t\t\t<div class=\"elementor-icon-box-wrapper\">\n\n\t\t\t\t\t\t<div class=\"elementor-icon-box-icon\">\n\t\t\t\t<a href=\"#\" class=\"elementor-icon\" tabindex=\"-1\" aria-label=\"380 Rue Guy, Montr\u00e9al, QC H3J 1S6\">\n\t\t\t\t<i aria-hidden=\"true\" class=\"dlicon location_pin\"><\/i>\t\t\t\t<\/a>\n\t\t\t<\/div>\n\t\t\t\n\t\t\t\t\t\t<div class=\"elementor-icon-box-content\">\n\n\t\t\t\t\t\t\t\t\t<div class=\"elementor-icon-box-title\">\n\t\t\t\t\t\t<a href=\"#\" >\n\t\t\t\t\t\t\t380 Rue Guy, Montr\u00e9al, QC H3J 1S6\t\t\t\t\t\t<\/a>\n\t\t\t\t\t<\/div>\n\t\t\t\t\n\t\t\t\t\n\t\t\t<\/div>\n\t\t\t\n\t\t<\/div>\n\t\t\t\t\t\t<\/div>\n\t\t\t\t<\/div>\n\t\t\t\t<div class=\"elementor-element elementor-element-39680f3 elementor-position-left elementor-vertical-align-middle elementor-view-default elementor-mobile-position-top elementor-widget elementor-widget-icon-box\" data-id=\"39680f3\" data-element_type=\"widget\" data-widget_type=\"icon-box.default\">\n\t\t\t\t<div class=\"elementor-widget-container\">\n\t\t\t\t\t\t\t<div class=\"elementor-icon-box-wrapper\">\n\n\t\t\t\t\t\t<div class=\"elementor-icon-box-icon\">\n\t\t\t\t<a href=\"https:\/\/www.google.com\/maps\/dir\/\/MISS+GRIFFINTOWN,+380+Guy+St,+Montreal,+Quebec+H3J+1S6\/data=!4m6!4m5!1m1!4e2!1m2!1m1!1s0x4cc91b9c12bf48c1:0x46a29e5f14da5d7b?sa=X&#038;ved=0ahUKEwjKh7qbkb_rAhWtmOAKHcUBCXgQ48ADCB0wAA\" target=\"_blank\" class=\"elementor-icon\" tabindex=\"-1\" aria-label=\"Trouvez-nous sur Google Maps\">\n\t\t\t\t<i aria-hidden=\"true\" class=\"dlicon location_map-pin\"><\/i>\t\t\t\t<\/a>\n\t\t\t<\/div>\n\t\t\t\n\t\t\t\t\t\t<div class=\"elementor-icon-box-content\">\n\n\t\t\t\t\t\t\t\t\t<div class=\"elementor-icon-box-title\">\n\t\t\t\t\t\t<a href=\"https:\/\/www.google.com\/maps\/dir\/\/MISS+GRIFFINTOWN,+380+Guy+St,+Montreal,+Quebec+H3J+1S6\/data=!4m6!4m5!1m1!4e2!1m2!1m1!1s0x4cc91b9c12bf48c1:0x46a29e5f14da5d7b?sa=X&#038;ved=0ahUKEwjKh7qbkb_rAhWtmOAKHcUBCXgQ48ADCB0wAA\" target=\"_blank\" >\n\t\t\t\t\t\t\tTrouvez-nous sur Google Maps\t\t\t\t\t\t<\/a>\n\t\t\t\t\t<\/div>\n\t\t\t\t\n\t\t\t\t\n\t\t\t<\/div>\n\t\t\t\n\t\t<\/div>\n\t\t\t\t\t\t<\/div>\n\t\t\t\t<\/div>\n\t\t\t\t\t<\/div>\n\t\t<\/div>\n\t\t\t\t\t<\/div>\n\t\t<\/div>\n\t\t\t\t<div class=\"elementor-section elementor-top-section elementor-element elementor-element-0e5fb6b elementor-section-boxed elementor-section-height-default elementor-section-height-default\" data-id=\"0e5fb6b\" data-element_type=\"section\">\n\t\t\t\t\t\t<div class=\"elementor-container elementor-column-gap-default\">\n\t\t\t\t\t<div class=\"elementor-column elementor-col-100 elementor-top-column elementor-element elementor-element-50d6853\" data-id=\"50d6853\" data-element_type=\"column\">\n\t\t\t<div class=\"elementor-widget-wrap elementor-element-populated\">\n\t\t\t\t\t\t<div class=\"elementor-element elementor-element-24ff6af elementor-widget elementor-widget-lastudio-advanced-map\" data-id=\"24ff6af\" data-element_type=\"widget\" data-widget_type=\"lastudio-advanced-map.default\">\n\t\t\t\t<div class=\"elementor-widget-container\">\n\t\t\t\t\t<div class=\"lastudio-map-message\"><div class=\"lastudio-map-message__dammy-map\"><\/div><span class=\"lastudio-map-message__text\">API keys with referer restrictions cannot be used with this API.<\/span><\/div>\t\t\t\t<\/div>\n\t\t\t\t<\/div>\n\t\t\t\t\t<\/div>\n\t\t<\/div>\n\t\t\t\t\t<\/div>\n\t\t<\/div>\n\t\t\t\t<\/div>\n\t\t","protected":false},"excerpt":{"rendered":"<p>Nous sommes l\u00e0 pour vous. Une question, un commentaire ou une suggestion? Envoyez-nous un message et nous vous r\u00e9pondrons sous peu! Name * Email * [&hellip;]<\/p>\n","protected":false},"author":16,"featured_media":0,"parent":0,"menu_order":0,"comment_status":"closed","ping_status":"closed","template":"","meta":{"inline_featured_image":false,"footnotes":""},"class_list":["post-1671","page","type-page","status-publish","hentry"],"yoast_head":"<!-- This site is optimized with the Yoast SEO plugin v26.8 - https:\/\/yoast.com\/product\/yoast-seo-wordpress\/ -->\n<title>Contactez-nous | Miss Griffintown<\/title>\n<meta name=\"description\" content=\"Chez Miss Griffintown, nous sommes des professionnels de l&#039;esth\u00e9tique \u00e0 votre service. Si vous souhaitez un traitement personnalis\u00e9, contactez-nous !\" \/>\n<meta name=\"robots\" content=\"index, follow, max-snippet:-1, max-image-preview:large, max-video-preview:-1\" \/>\n<link rel=\"canonical\" href=\"https:\/\/missgriffintown.com\/fr\/contactez-nous\/\" \/>\n<meta property=\"og:locale\" content=\"fr_CA\" \/>\n<meta property=\"og:type\" content=\"article\" \/>\n<meta property=\"og:title\" content=\"Contactez-nous | Miss Griffintown\" \/>\n<meta property=\"og:description\" content=\"Chez Miss Griffintown, nous sommes des professionnels de l&#039;esth\u00e9tique \u00e0 votre service. Si vous souhaitez un traitement personnalis\u00e9, contactez-nous !\" \/>\n<meta property=\"og:url\" content=\"https:\/\/missgriffintown.com\/fr\/contactez-nous\/\" \/>\n<meta property=\"og:site_name\" content=\"Miss Griffintown\" \/>\n<meta property=\"article:modified_time\" content=\"2022-06-02T20:01:44+00:00\" \/>\n<meta name=\"twitter:card\" content=\"summary_large_image\" \/>\n<meta name=\"twitter:label1\" content=\"Estimation du temps de lecture\" \/>\n\t<meta name=\"twitter:data1\" content=\"1 minute\" \/>\n<script type=\"application\/ld+json\" class=\"yoast-schema-graph\">{\"@context\":\"https:\/\/schema.org\",\"@graph\":[{\"@type\":\"WebPage\",\"@id\":\"https:\/\/missgriffintown.com\/fr\/contactez-nous\/\",\"url\":\"https:\/\/missgriffintown.com\/fr\/contactez-nous\/\",\"name\":\"Contactez-nous | Miss Griffintown\",\"isPartOf\":{\"@id\":\"https:\/\/missgriffintown.com\/#website\"},\"datePublished\":\"2020-09-21T18:50:07+00:00\",\"dateModified\":\"2022-06-02T20:01:44+00:00\",\"description\":\"Chez Miss Griffintown, nous sommes des professionnels de l'esth\u00e9tique \u00e0 votre service. Si vous souhaitez un traitement personnalis\u00e9, contactez-nous !\",\"breadcrumb\":{\"@id\":\"https:\/\/missgriffintown.com\/fr\/contactez-nous\/#breadcrumb\"},\"inLanguage\":\"fr-CA\",\"potentialAction\":[{\"@type\":\"ReadAction\",\"target\":[\"https:\/\/missgriffintown.com\/fr\/contactez-nous\/\"]}]},{\"@type\":\"BreadcrumbList\",\"@id\":\"https:\/\/missgriffintown.com\/fr\/contactez-nous\/#breadcrumb\",\"itemListElement\":[{\"@type\":\"ListItem\",\"position\":1,\"name\":\"Accueil\",\"item\":\"https:\/\/missgriffintown.com\/fr\/\"},{\"@type\":\"ListItem\",\"position\":2,\"name\":\"Contactez-nous\"}]},{\"@type\":\"WebSite\",\"@id\":\"https:\/\/missgriffintown.com\/#website\",\"url\":\"https:\/\/missgriffintown.com\/\",\"name\":\"Miss Griffintown\",\"description\":\"Beauty Salon\",\"publisher\":{\"@id\":\"https:\/\/missgriffintown.com\/#organization\"},\"potentialAction\":[{\"@type\":\"SearchAction\",\"target\":{\"@type\":\"EntryPoint\",\"urlTemplate\":\"https:\/\/missgriffintown.com\/?s={search_term_string}\"},\"query-input\":{\"@type\":\"PropertyValueSpecification\",\"valueRequired\":true,\"valueName\":\"search_term_string\"}}],\"inLanguage\":\"fr-CA\"},{\"@type\":\"Organization\",\"@id\":\"https:\/\/missgriffintown.com\/#organization\",\"name\":\"Miss Griffintown\",\"url\":\"https:\/\/missgriffintown.com\/\",\"logo\":{\"@type\":\"ImageObject\",\"inLanguage\":\"fr-CA\",\"@id\":\"https:\/\/missgriffintown.com\/#\/schema\/logo\/image\/\",\"url\":\"https:\/\/missgriffintown.com\/wp-content\/uploads\/2020\/08\/logo_MissGriffintown.svg\",\"contentUrl\":\"https:\/\/missgriffintown.com\/wp-content\/uploads\/2020\/08\/logo_MissGriffintown.svg\",\"width\":1,\"height\":1,\"caption\":\"Miss Griffintown\"},\"image\":{\"@id\":\"https:\/\/missgriffintown.com\/#\/schema\/logo\/image\/\"}}]}<\/script>\n<!-- \/ Yoast SEO plugin. -->","yoast_head_json":{"title":"Contactez-nous | Miss Griffintown","description":"Chez Miss Griffintown, nous sommes des professionnels de l'esth\u00e9tique \u00e0 votre service. Si vous souhaitez un traitement personnalis\u00e9, contactez-nous !","robots":{"index":"index","follow":"follow","max-snippet":"max-snippet:-1","max-image-preview":"max-image-preview:large","max-video-preview":"max-video-preview:-1"},"canonical":"https:\/\/missgriffintown.com\/fr\/contactez-nous\/","og_locale":"fr_CA","og_type":"article","og_title":"Contactez-nous | Miss Griffintown","og_description":"Chez Miss Griffintown, nous sommes des professionnels de l'esth\u00e9tique \u00e0 votre service. Si vous souhaitez un traitement personnalis\u00e9, contactez-nous !","og_url":"https:\/\/missgriffintown.com\/fr\/contactez-nous\/","og_site_name":"Miss Griffintown","article_modified_time":"2022-06-02T20:01:44+00:00","twitter_card":"summary_large_image","twitter_misc":{"Estimation du temps de lecture":"1 minute"},"schema":{"@context":"https:\/\/schema.org","@graph":[{"@type":"WebPage","@id":"https:\/\/missgriffintown.com\/fr\/contactez-nous\/","url":"https:\/\/missgriffintown.com\/fr\/contactez-nous\/","name":"Contactez-nous | Miss Griffintown","isPartOf":{"@id":"https:\/\/missgriffintown.com\/#website"},"datePublished":"2020-09-21T18:50:07+00:00","dateModified":"2022-06-02T20:01:44+00:00","description":"Chez Miss Griffintown, nous sommes des professionnels de l'esth\u00e9tique \u00e0 votre service. Si vous souhaitez un traitement personnalis\u00e9, contactez-nous !","breadcrumb":{"@id":"https:\/\/missgriffintown.com\/fr\/contactez-nous\/#breadcrumb"},"inLanguage":"fr-CA","potentialAction":[{"@type":"ReadAction","target":["https:\/\/missgriffintown.com\/fr\/contactez-nous\/"]}]},{"@type":"BreadcrumbList","@id":"https:\/\/missgriffintown.com\/fr\/contactez-nous\/#breadcrumb","itemListElement":[{"@type":"ListItem","position":1,"name":"Accueil","item":"https:\/\/missgriffintown.com\/fr\/"},{"@type":"ListItem","position":2,"name":"Contactez-nous"}]},{"@type":"WebSite","@id":"https:\/\/missgriffintown.com\/#website","url":"https:\/\/missgriffintown.com\/","name":"Miss Griffintown","description":"Beauty Salon","publisher":{"@id":"https:\/\/missgriffintown.com\/#organization"},"potentialAction":[{"@type":"SearchAction","target":{"@type":"EntryPoint","urlTemplate":"https:\/\/missgriffintown.com\/?s={search_term_string}"},"query-input":{"@type":"PropertyValueSpecification","valueRequired":true,"valueName":"search_term_string"}}],"inLanguage":"fr-CA"},{"@type":"Organization","@id":"https:\/\/missgriffintown.com\/#organization","name":"Miss Griffintown","url":"https:\/\/missgriffintown.com\/","logo":{"@type":"ImageObject","inLanguage":"fr-CA","@id":"https:\/\/missgriffintown.com\/#\/schema\/logo\/image\/","url":"https:\/\/missgriffintown.com\/wp-content\/uploads\/2020\/08\/logo_MissGriffintown.svg","contentUrl":"https:\/\/missgriffintown.com\/wp-content\/uploads\/2020\/08\/logo_MissGriffintown.svg","width":1,"height":1,"caption":"Miss Griffintown"},"image":{"@id":"https:\/\/missgriffintown.com\/#\/schema\/logo\/image\/"}}]}},"_links":{"self":[{"href":"https:\/\/missgriffintown.com\/fr\/wp-json\/wp\/v2\/pages\/1671","targetHints":{"allow":["GET"]}}],"collection":[{"href":"https:\/\/missgriffintown.com\/fr\/wp-json\/wp\/v2\/pages"}],"about":[{"href":"https:\/\/missgriffintown.com\/fr\/wp-json\/wp\/v2\/types\/page"}],"author":[{"embeddable":true,"href":"https:\/\/missgriffintown.com\/fr\/wp-json\/wp\/v2\/users\/16"}],"replies":[{"embeddable":true,"href":"https:\/\/missgriffintown.com\/fr\/wp-json\/wp\/v2\/comments?post=1671"}],"version-history":[{"count":3,"href":"https:\/\/missgriffintown.com\/fr\/wp-json\/wp\/v2\/pages\/1671\/revisions"}],"predecessor-version":[{"id":1999,"href":"https:\/\/missgriffintown.com\/fr\/wp-json\/wp\/v2\/pages\/1671\/revisions\/1999"}],"wp:attachment":[{"href":"https:\/\/missgriffintown.com\/fr\/wp-json\/wp\/v2\/media?parent=1671"}],"curies":[{"name":"wp","href":"https:\/\/api.w.org\/{rel}","templated":true}]}}